{"id":17,"date":"2025-02-02T14:20:41","date_gmt":"2025-02-02T14:20:41","guid":{"rendered":"https:\/\/www.jackewiehose-bigband.de\/?page_id=17"},"modified":"2025-02-02T14:20:41","modified_gmt":"2025-02-02T14:20:41","slug":"die-band","status":"publish","type":"page","link":"https:\/\/www.jackewiehose-bigband.de\/?page_id=17","title":{"rendered":"Die Band"},"content":{"rendered":"\n<p><strong>Wie alles begann:<\/strong>\u00a0<\/p>\n\n\n\n<p>Im Fr\u00fchjahr 2010 fanden sich anl\u00e4sslich einer Initiative zweier musikalisch t\u00e4tigen Lehrer des Sigmund-Schuckert-Gymnasiums N\u00fcrnberg einige musikbegeisterte Sch\u00fclerinnen und Sch\u00fcler sowie Ehemalige im Musiksaal der Schule ein. Sie beschlossen, die Erfolgsgeschichte der damaligen Schulbigband auch \u00fcber die Schulzeit hinweg in einer festen und etwas kleineren Besetzung fortzusetzen und so den Spa\u00df am gemeinsamen Musizieren auszuleben. Die ersten Proben wurden vereinbart und auch eine Auftrittsm\u00f6glichkeit lie\u00df nicht auf sich warten. Das Repertoire f\u00fcllte sich mit neuen St\u00fccken und mit der Zeit wurde aus der Big Band ein eingespieltes Team, das nicht nur das eigene musikalische Niveau stetig verbesserte, sondern auch dank des harmonischen Miteinanders das Projekt der eigenen Big Band als gelungen betrachteten konnte. Da durfte nat\u00fcrlich ein Name nicht fehlen und \u2013 da es ja eh \u201eJacke wie Hose\u201c ist, wie wir hei\u00dfen \u2013 entschieden wir uns f\u00fcr: die Jacke wie Hose Big Band. \u00a0\u00a0<\/p>\n\n\n\n<p><strong>Wie es weiterging:<\/strong>\u00a0\u00a0 <\/p>\n\n\n\n<p>Die Zeit verging, doch nicht ohne, dass sich in unserer Big Band etwas ver\u00e4nderte. Durch verschiedene Auftritte sowie ein eigens organisiertes Konzert in der Casa Fontana Schwabach entwickelten wir uns musikalisch weiter und bekamen die Chance, unser K\u00f6nnen unter Beweis zu stellen sowie unseren Bekanntheitsgrad zu erweitern. Auch die Aufnahme unserer ersten kleinen CD trug hierzu bei. Im Mai 2012 dann kam es zum einschneidenden Ereignis unseres Werdegangs: die Gr\u00fcndung des Musikvereins \u201eJacke wie Hose Big Band e. V.\u201c. Zus\u00e4tzlich zu den recht fr\u00fch etablierten beiden j\u00e4hrlichen Konzerten im Fr\u00fchjahr und Herbst wagten wir uns im Oktober 2014 an eine neue Herausforderung: Der Wettbewerb bwmusix. Dieser findet jedes Jahr in Balingen statt und wird von der Big Band der Bundeswehr veranstaltet. Die Jacke wie Hose Big Band konnte 2014 einen starken zweiten Platz mit 93.5\/100 Punkten erzielen. \u00a0 \u00a0\u00a0<\/p>\n\n\n\n<p><strong>Wie es heute aussieht:<\/strong>\u00a0\u00a0 <\/p>\n\n\n\n<p>Wir sind eine muntere Gruppe von 18 Musikerinnen und Musikern im Alter zwischen 16 und 40 Jahren, die sich w\u00f6chentlich zum gemeinsamen Proben trifft. Unser breitgef\u00e4chertes Repertoire reicht von Swing-Klassikern von Glenn Miller \u00fcber moderne Fusion- und Jazz-Kompositionen bis hin zu Arrangements mit Gesang (Michael Bubl\u00e9, Roger Cicero) sowie auch Filmmusik. Wir laden jeden, der Spa\u00df und Freude am Musizieren hat, recht herzlich dazu ein, bei uns Mitglied zu werden, gemeinsam mit uns zu swingen und zu funken und Teil einer tollen Gemeinschaft zu werden. Wenn Sie den Big Band-Sound lieber als Zuh\u00f6rer genie\u00dfen wollen, dann besuchen Sie uns doch bei einem unserer n\u00e4chsten Konzerte oder engagieren Sie uns f\u00fcr Ihre eigene Veranstaltung. Wir freuen uns \u00fcber jede Kontaktaufnahme!<\/p>\n","protected":false},"excerpt":{"rendered":"<p>Wie alles begann:\u00a0 Im Fr\u00fchjahr 2010 fanden sich anl\u00e4sslich einer Initiative zweier musikalisch t\u00e4tigen Lehrer des Sigmund-Schuckert-Gymnasiums N\u00fcrnberg einige musikbegeisterte Sch\u00fclerinnen und Sch\u00fcler sowie Ehemalige im Musiksaal der Schule ein. Sie beschlossen, die Erfolgsgeschichte der damaligen Schulbigband auch \u00fcber die Schulzeit hinweg in einer festen und etwas kleineren Besetzung fortzusetzen und so den Spa\u00df am [&hellip;]<\/p>\n","protected":false},"author":1,"featured_media":0,"parent":0,"menu_order":0,"comment_status":"closed","ping_status":"closed","template":"","meta":{"footnotes":""},"class_list":["post-17","page","type-page","status-publish","hentry"],"_links":{"self":[{"href":"https:\/\/www.jackewiehose-bigband.de\/index.php?rest_route=\/wp\/v2\/pages\/17","targetHints":{"allow":["GET"]}}],"collection":[{"href":"https:\/\/www.jackewiehose-bigband.de\/index.php?rest_route=\/wp\/v2\/pages"}],"about":[{"href":"https:\/\/www.jackewiehose-bigband.de\/index.php?rest_route=\/wp\/v2\/types\/page"}],"author":[{"embeddable":true,"href":"https:\/\/www.jackewiehose-bigband.de\/index.php?rest_route=\/wp\/v2\/users\/1"}],"replies":[{"embeddable":true,"href":"https:\/\/www.jackewiehose-bigband.de\/index.php?rest_route=%2Fwp%2Fv2%2Fcomments&post=17"}],"version-history":[{"count":1,"href":"https:\/\/www.jackewiehose-bigband.de\/index.php?rest_route=\/wp\/v2\/pages\/17\/revisions"}],"predecessor-version":[{"id":19,"href":"https:\/\/www.jackewiehose-bigband.de\/index.php?rest_route=\/wp\/v2\/pages\/17\/revisions\/19"}],"wp:attachment":[{"href":"https:\/\/www.jackewiehose-bigband.de\/index.php?rest_route=%2Fwp%2Fv2%2Fmedia&parent=17"}],"curies":[{"name":"wp","href":"https:\/\/api.w.org\/{rel}","templated":true}]}}